{"id":987,"date":"2018-03-13T10:06:27","date_gmt":"2018-03-13T10:06:27","guid":{"rendered":"http:\/\/pigipada.ee\/tooted\/"},"modified":"2019-10-09T09:59:54","modified_gmt":"2019-10-09T09:59:54","slug":"tuotteet","status":"publish","type":"page","link":"https:\/\/pigipada.ee\/fi\/tuotteet\/","title":{"rendered":"Tuotteet"},"content":{"rendered":"<div class=\"wpb-content-wrapper\"><section class=\"l-section wpb_row height_medium color_custom with_img footer-stripes singlepage-header\" style=\" color: #ffffff;\"><div class=\"l-section-img\" style=\"background-image: url(https:\/\/www.pigipada.ee\/wp-content\/uploads\/2018\/04\/IMG_4877-1-e1523013444791.jpg);background-repeat: no-repeat;\" data-img-width=\"2798\" data-img-height=\"1085\"><\/div><div class=\"l-section-h i-cf\"><div class=\"g-cols vc_row type_default valign_middle\"><div class=\"vc_col-sm-12 wpb_column vc_column_container animate_fade\"><div class=\"vc_column-inner\"><div class=\"wpb_wrapper\">\n\t<div class=\"wpb_text_column \">\n\t\t<div class=\"wpb_wrapper\">\n\t\t\t<h1 style=\"text-align: center;\">Tuotteet<\/h1>\n\n\t\t<\/div>\n\t<\/div>\n<\/div><\/div><\/div><\/div><\/div><\/section><section class=\"l-section wpb_row height_medium color_custom our-p-list\" style=\"background-color: #eeeeee;\"><div class=\"l-section-h i-cf\"><div class=\"g-cols vc_row type_default valign_top\"><div class=\"vc_col-sm-12 wpb_column vc_column_container animate_afb\"><div class=\"vc_column-inner\"><div class=\"wpb_wrapper\"><div class=\"w-tabs layout_default icon_chevron iconpos_right \"><div class=\"w-tabs-list items_2\"><div class=\"w-tabs-list-h\"><div class=\"w-tabs-item active defined-active\"><a href=\"#kasutusalad4c26-4dd8d4f4-3818\" class=\"w-tabs-item-h\"><span class=\"w-tabs-item-title\">K\u00e4ytt\u00f6kohteen mukaan<\/span><\/a><\/div>\n<div class=\"w-tabs-item\"><a href=\"#tootegrupid4c26-4dd8d4f4-3818\" class=\"w-tabs-item-h\"><span class=\"w-tabs-item-title\">Tuoteryhm\u00e4n mukaan<\/span><\/a><\/div>\n<\/div><\/div><div class=\"w-tabs-sections\"><div class=\"w-tabs-sections-h\"><div class=\"w-tabs-section active\" id=\"kasutusalad4c26-4dd8d4f4-3818\"><a href=\"#kasutusalad4c26-4dd8d4f4-3818\" class=\"w-tabs-section-header\"><div class=\"w-tabs-section-header-h\"><h5 class=\"w-tabs-section-title\">K\u00e4ytt\u00f6kohteen mukaan<\/h5><div class=\"w-tabs-section-control\"><\/div><\/div><\/a><div class=\"w-tabs-section-content\"><div class=\"w-tabs-section-content-h i-cf\"><div class=\"g-cols wpb_row type_default valign_top vc_inner \"><div class=\"vc_col-sm-4 wpb_column vc_column_container\"><div class=\"vc_column-inner\"><div class=\"wpb_wrapper\"><div class=\"w-image align_center\"><div class=\"w-image-h\"><a href=\"http:\/\/pigipada.ee\/fi\/tootekategooria\/kayttokohteen-mukaan\/?fwp_categories_fi=pinnoite\" title=\"\" target=\"\" rel=\"\"><img loading=\"lazy\" decoding=\"async\" width=\"600\" height=\"577\" src=\"https:\/\/www.pigipada.ee\/wp-content\/uploads\/2018\/04\/Pindamine-2v-600x577.jpg\" class=\"attachment-us_600_600_crop size-us_600_600_crop\" alt=\"\" \/><\/a><\/div><\/div><div class=\"w-btn-wrapper align_left\"><a class=\"w-btn style_raised color_primary icon_none\" href=\"http:\/\/pigipada.ee\/fi\/tootekategooria\/kayttokohteen-mukaan\/?fwp_categories_fi=pinnoite\"><span class=\"w-btn-label\">Pinnoitus ja mikrop\u00e4\u00e4llyste<\/span><\/a><\/div><\/div><\/div><\/div><div class=\"vc_col-sm-4 wpb_column vc_column_container\"><div class=\"vc_column-inner\"><div class=\"wpb_wrapper\"><div class=\"w-image align_center\"><div class=\"w-image-h\"><a href=\"http:\/\/pigipada.ee\/fi\/tootekategooria\/kayttokohteen-mukaan\/?fwp_categories_fi=kasvu-ja-vakauttaminen\" title=\"\" target=\"\" rel=\"\"><img loading=\"lazy\" decoding=\"async\" width=\"600\" height=\"600\" src=\"https:\/\/www.pigipada.ee\/wp-content\/uploads\/2018\/04\/Lappimine-masin-v\u00e4ike-600x600.jpg\" class=\"attachment-us_600_600_crop size-us_600_600_crop\" alt=\"\" srcset=\"http:\/\/www.pigipada.ee\/wp-content\/uploads\/2018\/04\/Lappimine-masin-v\u00e4ike-600x600.jpg 600w, http:\/\/www.pigipada.ee\/wp-content\/uploads\/2018\/04\/Lappimine-masin-v\u00e4ike-150x150.jpg 150w, http:\/\/www.pigipada.ee\/wp-content\/uploads\/2018\/04\/Lappimine-masin-v\u00e4ike-350x350.jpg 350w, http:\/\/www.pigipada.ee\/wp-content\/uploads\/2018\/04\/Lappimine-masin-v\u00e4ike-300x300.jpg 300w, http:\/\/www.pigipada.ee\/wp-content\/uploads\/2018\/04\/Lappimine-masin-v\u00e4ike-100x100.jpg 100w\" sizes=\"auto, (max-width: 600px) 100vw, 600px\" \/><\/a><\/div><\/div><div class=\"w-btn-wrapper align_left\"><a class=\"w-btn style_raised color_primary icon_none\" href=\"http:\/\/pigipada.ee\/fi\/tootekategooria\/kayttokohteen-mukaan\/?fwp_categories_fi=kasvu-ja-vakauttaminen\"><span class=\"w-btn-label\">Reikien korjaus ja stabilointi<\/span><\/a><\/div><\/div><\/div><\/div><div class=\"vc_col-sm-4 wpb_column vc_column_container\"><div class=\"vc_column-inner\"><div class=\"wpb_wrapper\"><div class=\"w-image align_center\"><div class=\"w-image-h\"><a href=\"http:\/\/pigipada.ee\/fi\/tootekategooria\/kayttokohteen-mukaan\/?fwp_categories_fi=asfaltointi\" title=\"\" target=\"\" rel=\"\"><img loading=\"lazy\" decoding=\"async\" width=\"600\" height=\"600\" src=\"https:\/\/www.pigipada.ee\/wp-content\/uploads\/2018\/04\/Asfalteerimine-1-v\u00e4ike-600x600.jpg\" class=\"attachment-us_600_600_crop size-us_600_600_crop\" alt=\"\" srcset=\"http:\/\/www.pigipada.ee\/wp-content\/uploads\/2018\/04\/Asfalteerimine-1-v\u00e4ike-600x600.jpg 600w, http:\/\/www.pigipada.ee\/wp-content\/uploads\/2018\/04\/Asfalteerimine-1-v\u00e4ike-150x150.jpg 150w, http:\/\/www.pigipada.ee\/wp-content\/uploads\/2018\/04\/Asfalteerimine-1-v\u00e4ike-350x350.jpg 350w, http:\/\/www.pigipada.ee\/wp-content\/uploads\/2018\/04\/Asfalteerimine-1-v\u00e4ike-300x300.jpg 300w, http:\/\/www.pigipada.ee\/wp-content\/uploads\/2018\/04\/Asfalteerimine-1-v\u00e4ike-100x100.jpg 100w\" sizes=\"auto, (max-width: 600px) 100vw, 600px\" \/><\/a><\/div><\/div><div class=\"w-btn-wrapper align_left\"><a class=\"w-btn style_raised color_primary icon_none\" href=\"http:\/\/pigipada.ee\/fi\/tootekategooria\/kayttokohteen-mukaan\/?fwp_categories_fi=asfaltointi\"><span class=\"w-btn-label\">Asfaltointi<\/span><\/a><\/div><\/div><\/div><\/div><\/div><\/div><\/div><\/div><div class=\"w-tabs-section\" id=\"tootegrupid4c26-4dd8d4f4-3818\"><a href=\"#tootegrupid4c26-4dd8d4f4-3818\" class=\"w-tabs-section-header\"><div class=\"w-tabs-section-header-h\"><h5 class=\"w-tabs-section-title\">Tuoteryhm\u00e4n mukaan<\/h5><div class=\"w-tabs-section-control\"><\/div><\/div><\/a><div class=\"w-tabs-section-content\"><div class=\"w-tabs-section-content-h i-cf\"><div class=\"g-cols wpb_row type_default valign_top vc_inner \"><div class=\"vc_col-sm-4 wpb_column vc_column_container\"><div class=\"vc_column-inner\"><div class=\"wpb_wrapper\"><div class=\"w-image align_center\"><div class=\"w-image-h\"><a href=\"http:\/\/pigipada.ee\/fi\/tootekategooria\/tuoteryhman-mukaan\/?fwp_grupp_fi=bitumiemulsiot\" title=\"\" target=\"\" rel=\"\"><img loading=\"lazy\" decoding=\"async\" width=\"600\" height=\"600\" src=\"https:\/\/www.pigipada.ee\/wp-content\/uploads\/2018\/03\/Emulsioonid-1-600x600.jpg\" class=\"attachment-us_600_600_crop size-us_600_600_crop\" alt=\"\" srcset=\"http:\/\/www.pigipada.ee\/wp-content\/uploads\/2018\/03\/Emulsioonid-1-600x600.jpg 600w, http:\/\/www.pigipada.ee\/wp-content\/uploads\/2018\/03\/Emulsioonid-1-150x150.jpg 150w, http:\/\/www.pigipada.ee\/wp-content\/uploads\/2018\/03\/Emulsioonid-1-350x350.jpg 350w, http:\/\/www.pigipada.ee\/wp-content\/uploads\/2018\/03\/Emulsioonid-1-300x300.jpg 300w, http:\/\/www.pigipada.ee\/wp-content\/uploads\/2018\/03\/Emulsioonid-1-100x100.jpg 100w\" sizes=\"auto, (max-width: 600px) 100vw, 600px\" \/><\/a><\/div><\/div><div class=\"w-btn-wrapper align_left\"><a class=\"w-btn style_raised color_primary icon_none\" href=\"http:\/\/pigipada.ee\/fi\/tootekategooria\/tuoteryhman-mukaan\/?fwp_grupp_fi=bitumiemulsiot\"><span class=\"w-btn-label\">Bitumiemulsiot<\/span><\/a><\/div><\/div><\/div><\/div><div class=\"vc_col-sm-4 wpb_column vc_column_container\"><div class=\"vc_column-inner\"><div class=\"wpb_wrapper\"><div class=\"w-image align_center\"><div class=\"w-image-h\"><a href=\"http:\/\/pigipada.ee\/fi\/tootekategooria\/tuoteryhman-mukaan\/?fwp_grupp_fi=polymeeribitumi\" title=\"\" target=\"\" rel=\"\"><img loading=\"lazy\" decoding=\"async\" width=\"600\" height=\"600\" src=\"https:\/\/www.pigipada.ee\/wp-content\/uploads\/2018\/03\/Polu\u0308meerne-bituumen.JPG-600x600.jpg\" class=\"attachment-us_600_600_crop size-us_600_600_crop\" alt=\"\" srcset=\"http:\/\/www.pigipada.ee\/wp-content\/uploads\/2018\/03\/Polu\u0308meerne-bituumen.JPG-600x600.jpg 600w, http:\/\/www.pigipada.ee\/wp-content\/uploads\/2018\/03\/Polu\u0308meerne-bituumen.JPG-150x150.jpg 150w, http:\/\/www.pigipada.ee\/wp-content\/uploads\/2018\/03\/Polu\u0308meerne-bituumen.JPG-350x350.jpg 350w, http:\/\/www.pigipada.ee\/wp-content\/uploads\/2018\/03\/Polu\u0308meerne-bituumen.JPG-300x300.jpg 300w, http:\/\/www.pigipada.ee\/wp-content\/uploads\/2018\/03\/Polu\u0308meerne-bituumen.JPG-100x100.jpg 100w\" sizes=\"auto, (max-width: 600px) 100vw, 600px\" \/><\/a><\/div><\/div><div class=\"w-btn-wrapper align_left\"><a class=\"w-btn style_raised color_primary icon_none\" href=\"http:\/\/pigipada.ee\/fi\/tootekategooria\/tuoteryhman-mukaan\/?fwp_grupp_fi=polymeeribitumi\"><span class=\"w-btn-label\">Polymermodifioitu bitumit<\/span><\/a><\/div><\/div><\/div><\/div><div class=\"vc_col-sm-4 wpb_column vc_column_container\"><div class=\"vc_column-inner\"><div class=\"wpb_wrapper\"><div class=\"w-image align_center\"><div class=\"w-image-h\"><a href=\"http:\/\/pigipada.ee\/fi\/tootekategooria\/tuoteryhman-mukaan\/?fwp_grupp_fi=bitumi\" title=\"\" target=\"\" rel=\"\"><img loading=\"lazy\" decoding=\"async\" width=\"600\" height=\"600\" src=\"https:\/\/www.pigipada.ee\/wp-content\/uploads\/2018\/03\/Bituumenid-600x600.jpg\" class=\"attachment-us_600_600_crop size-us_600_600_crop\" alt=\"\" srcset=\"http:\/\/www.pigipada.ee\/wp-content\/uploads\/2018\/03\/Bituumenid-600x600.jpg 600w, http:\/\/www.pigipada.ee\/wp-content\/uploads\/2018\/03\/Bituumenid-150x150.jpg 150w, http:\/\/www.pigipada.ee\/wp-content\/uploads\/2018\/03\/Bituumenid-350x350.jpg 350w, http:\/\/www.pigipada.ee\/wp-content\/uploads\/2018\/03\/Bituumenid-300x300.jpg 300w, http:\/\/www.pigipada.ee\/wp-content\/uploads\/2018\/03\/Bituumenid-100x100.jpg 100w\" sizes=\"auto, (max-width: 600px) 100vw, 600px\" \/><\/a><\/div><\/div><div class=\"w-btn-wrapper align_left\"><a class=\"w-btn style_raised color_primary icon_none\" href=\"http:\/\/pigipada.ee\/fi\/tootekategooria\/tuoteryhman-mukaan\/?fwp_grupp_fi=bitumi\"><span class=\"w-btn-label\">Bitumit<\/span><\/a><\/div><\/div><\/div><\/div><\/div><\/div><\/div><\/div><\/div><\/div><\/div><\/div><\/div><\/div><\/div><\/div><\/section>\n<\/div>","protected":false},"excerpt":{"rendered":"Tuotteet K\u00e4ytt\u00f6kohteen mukaan Tuoteryhm\u00e4n mukaan K\u00e4ytt\u00f6kohteen mukaanPinnoitus ja mikrop\u00e4\u00e4llysteReikien korjaus ja stabilointiAsfaltointiTuoteryhm\u00e4n mukaanBitumiemulsiotPolymermodifioitu bitumitBitumit","protected":false},"author":1,"featured_media":0,"parent":0,"menu_order":0,"comment_status":"closed","ping_status":"closed","template":"","meta":{"_acf_changed":false,"footnotes":""},"class_list":["post-987","page","type-page","status-publish","hentry"],"acf":[],"yoast_head":"<!-- This site is optimized with the Yoast SEO plugin v26.8 - https:\/\/yoast.com\/product\/yoast-seo-wordpress\/ -->\n<title>Tuotteet - Pigipada<\/title>\n<meta name=\"robots\" content=\"index, follow, max-snippet:-1, max-image-preview:large, max-video-preview:-1\" \/>\n<link rel=\"canonical\" href=\"http:\/\/www.pigipada.ee\/fi\/tuotteet\/\" \/>\n<meta property=\"og:locale\" content=\"fi_FI\" \/>\n<meta property=\"og:type\" content=\"article\" \/>\n<meta property=\"og:title\" content=\"Tuotteet - Pigipada\" \/>\n<meta property=\"og:url\" content=\"http:\/\/www.pigipada.ee\/fi\/tuotteet\/\" \/>\n<meta property=\"og:site_name\" content=\"Pigipada\" \/>\n<meta property=\"article:modified_time\" content=\"2019-10-09T09:59:54+00:00\" \/>\n<meta name=\"twitter:card\" content=\"summary_large_image\" \/>\n<meta name=\"twitter:label1\" content=\"Arvioitu lukuaika\" \/>\n\t<meta name=\"twitter:data1\" content=\"2 minuuttia\" \/>\n<script type=\"application\/ld+json\" class=\"yoast-schema-graph\">{\"@context\":\"https:\/\/schema.org\",\"@graph\":[{\"@type\":\"WebPage\",\"@id\":\"http:\/\/www.pigipada.ee\/fi\/tuotteet\/\",\"url\":\"http:\/\/www.pigipada.ee\/fi\/tuotteet\/\",\"name\":\"Tuotteet - Pigipada\",\"isPartOf\":{\"@id\":\"http:\/\/www.pigipada.ee\/ru\/#website\"},\"datePublished\":\"2018-03-13T10:06:27+00:00\",\"dateModified\":\"2019-10-09T09:59:54+00:00\",\"breadcrumb\":{\"@id\":\"http:\/\/www.pigipada.ee\/fi\/tuotteet\/#breadcrumb\"},\"inLanguage\":\"fi\",\"potentialAction\":[{\"@type\":\"ReadAction\",\"target\":[\"http:\/\/www.pigipada.ee\/fi\/tuotteet\/\"]}]},{\"@type\":\"BreadcrumbList\",\"@id\":\"http:\/\/www.pigipada.ee\/fi\/tuotteet\/#breadcrumb\",\"itemListElement\":[{\"@type\":\"ListItem\",\"position\":1,\"name\":\"Home\",\"item\":\"http:\/\/www.pigipada.ee\/fi\/\"},{\"@type\":\"ListItem\",\"position\":2,\"name\":\"Tuotteet\"}]},{\"@type\":\"WebSite\",\"@id\":\"http:\/\/www.pigipada.ee\/ru\/#website\",\"url\":\"http:\/\/www.pigipada.ee\/ru\/\",\"name\":\"Pigipada\",\"description\":\"Head emulsioonid tekitavad h\u00e4id emotsioone\",\"potentialAction\":[{\"@type\":\"SearchAction\",\"target\":{\"@type\":\"EntryPoint\",\"urlTemplate\":\"http:\/\/www.pigipada.ee\/ru\/?s={search_term_string}\"},\"query-input\":{\"@type\":\"PropertyValueSpecification\",\"valueRequired\":true,\"valueName\":\"search_term_string\"}}],\"inLanguage\":\"fi\"}]}<\/script>\n<!-- \/ Yoast SEO plugin. -->","yoast_head_json":{"title":"Tuotteet - Pigipada","robots":{"index":"index","follow":"follow","max-snippet":"max-snippet:-1","max-image-preview":"max-image-preview:large","max-video-preview":"max-video-preview:-1"},"canonical":"http:\/\/www.pigipada.ee\/fi\/tuotteet\/","og_locale":"fi_FI","og_type":"article","og_title":"Tuotteet - Pigipada","og_url":"http:\/\/www.pigipada.ee\/fi\/tuotteet\/","og_site_name":"Pigipada","article_modified_time":"2019-10-09T09:59:54+00:00","twitter_card":"summary_large_image","twitter_misc":{"Arvioitu lukuaika":"2 minuuttia"},"schema":{"@context":"https:\/\/schema.org","@graph":[{"@type":"WebPage","@id":"http:\/\/www.pigipada.ee\/fi\/tuotteet\/","url":"http:\/\/www.pigipada.ee\/fi\/tuotteet\/","name":"Tuotteet - Pigipada","isPartOf":{"@id":"http:\/\/www.pigipada.ee\/ru\/#website"},"datePublished":"2018-03-13T10:06:27+00:00","dateModified":"2019-10-09T09:59:54+00:00","breadcrumb":{"@id":"http:\/\/www.pigipada.ee\/fi\/tuotteet\/#breadcrumb"},"inLanguage":"fi","potentialAction":[{"@type":"ReadAction","target":["http:\/\/www.pigipada.ee\/fi\/tuotteet\/"]}]},{"@type":"BreadcrumbList","@id":"http:\/\/www.pigipada.ee\/fi\/tuotteet\/#breadcrumb","itemListElement":[{"@type":"ListItem","position":1,"name":"Home","item":"http:\/\/www.pigipada.ee\/fi\/"},{"@type":"ListItem","position":2,"name":"Tuotteet"}]},{"@type":"WebSite","@id":"http:\/\/www.pigipada.ee\/ru\/#website","url":"http:\/\/www.pigipada.ee\/ru\/","name":"Pigipada","description":"Head emulsioonid tekitavad h\u00e4id emotsioone","potentialAction":[{"@type":"SearchAction","target":{"@type":"EntryPoint","urlTemplate":"http:\/\/www.pigipada.ee\/ru\/?s={search_term_string}"},"query-input":{"@type":"PropertyValueSpecification","valueRequired":true,"valueName":"search_term_string"}}],"inLanguage":"fi"}]}},"_links":{"self":[{"href":"https:\/\/pigipada.ee\/fi\/wp-json\/wp\/v2\/pages\/987","targetHints":{"allow":["GET"]}}],"collection":[{"href":"https:\/\/pigipada.ee\/fi\/wp-json\/wp\/v2\/pages"}],"about":[{"href":"https:\/\/pigipada.ee\/fi\/wp-json\/wp\/v2\/types\/page"}],"author":[{"embeddable":true,"href":"https:\/\/pigipada.ee\/fi\/wp-json\/wp\/v2\/users\/1"}],"replies":[{"embeddable":true,"href":"https:\/\/pigipada.ee\/fi\/wp-json\/wp\/v2\/comments?post=987"}],"version-history":[{"count":5,"href":"https:\/\/pigipada.ee\/fi\/wp-json\/wp\/v2\/pages\/987\/revisions"}],"predecessor-version":[{"id":1331,"href":"https:\/\/pigipada.ee\/fi\/wp-json\/wp\/v2\/pages\/987\/revisions\/1331"}],"wp:attachment":[{"href":"https:\/\/pigipada.ee\/fi\/wp-json\/wp\/v2\/media?parent=987"}],"curies":[{"name":"wp","href":"https:\/\/api.w.org\/{rel}","templated":true}]}}